{"id":6237,"date":"2023-08-04T11:29:51","date_gmt":"2023-08-04T08:29:51","guid":{"rendered":"https:\/\/leanthinking.fi\/verkkokauppa\/registration\/"},"modified":"2023-09-16T15:19:01","modified_gmt":"2023-09-16T12:19:01","slug":"rekisterointi","status":"publish","type":"page","link":"https:\/\/leanthinking.fi\/verkkokauppa\/rekisterointi\/","title":{"rendered":"Rekister\u00f6inti"},"content":{"rendered":"<div class=\"learndash-wrap\">\n\t<div class=\"learndash-wrapper\">\n\n\t<div id=\"learndash-registration-wrapper\" >\n\n\t\n\t<p class=\"registration-login\">Onko sinulla jo tili? <a class=\"registration-login-link\" href=\"\">Kirjaudu sis\u00e4\u00e4n<\/a><\/p><div class=\"registration-login-form\" style=\"display: none;\"><form name=\"loginform\" id=\"loginform\" action=\"https:\/\/leanthinking.fi\/verkkokauppa\/wp-login.php\" method=\"post\"><input id=\"learndash-login-form\" type=\"hidden\" name=\"learndash-login-form\" value=\"62e5bcc945\" \/><p class=\"login-username\">\n\t\t\t\t<label for=\"user_login\">K\u00e4ytt\u00e4j\u00e4tunnus tai s\u00e4hk\u00f6postiosoite<\/label>\n\t\t\t\t<input type=\"text\" name=\"log\" id=\"user_login\" autocomplete=\"username\" class=\"input\" value=\"\" size=\"20\" \/>\n\t\t\t<\/p><p class=\"login-password\">\n\t\t\t\t<label for=\"user_pass\">Salasana<\/label>\n\t\t\t\t<input type=\"password\" name=\"pwd\" id=\"user_pass\" autocomplete=\"current-password\" spellcheck=\"false\" class=\"input\" value=\"\" size=\"20\" \/>\n\t\t\t<\/p><p class=\"login-remember\"><label><input name=\"rememberme\" type=\"checkbox\" id=\"rememberme\" value=\"forever\" \/> Muista minut<\/label><\/p><p class=\"login-submit\">\n\t\t\t\t<input type=\"submit\" name=\"wp-submit\" id=\"wp-submit\" class=\"button button-primary\" value=\"Kirjaudu sis\u00e4\u00e4n\" \/>\n\t\t\t\t<input type=\"hidden\" name=\"redirect_to\" value=\"https:\/\/leanthinking.fi\/verkkokauppa\/rekisterointi\/\" \/>\n\t\t\t<\/p><\/form><\/div><p class=\"show-password-reset-link\" style=\"display: none;\">Unohditko salasanan? <a href=\"https:\/\/leanthinking.fi\/verkkokauppa\/palauta-salasan\/\">Click here to reset it.<\/a><\/p><\/div><\/div><\/div>","protected":false},"excerpt":{"rendered":"","protected":false},"author":1,"featured_media":0,"parent":0,"menu_order":0,"comment_status":"closed","ping_status":"closed","template":"","meta":{"_seopress_robots_primary_cat":"","_seopress_titles_title":"","_seopress_titles_desc":"","_seopress_robots_index":"","_kad_blocks_custom_css":"","_kad_blocks_head_custom_js":"","_kad_blocks_body_custom_js":"","_kad_blocks_footer_custom_js":"","_kad_post_transparent":"","_kad_post_title":"","_kad_post_layout":"","_kad_post_sidebar_id":"","_kad_post_content_style":"","_kad_post_vertical_padding":"","_kad_post_feature":"","_kad_post_feature_position":"","_kad_post_header":false,"_kad_post_footer":false,"_kad_post_classname":"","footnotes":""},"class_list":["post-6237","page","type-page","status-publish","hentry"],"taxonomy_info":[],"featured_image_src_large":false,"author_info":{"display_name":"Kai M\u00e4enp\u00e4\u00e4","author_link":"https:\/\/leanthinking.fi\/verkkokauppa\/author\/artnix\/"},"comment_info":"","_links":{"self":[{"href":"https:\/\/leanthinking.fi\/verkkokauppa\/wp-json\/wp\/v2\/pages\/6237","targetHints":{"allow":["GET"]}}],"collection":[{"href":"https:\/\/leanthinking.fi\/verkkokauppa\/wp-json\/wp\/v2\/pages"}],"about":[{"href":"https:\/\/leanthinking.fi\/verkkokauppa\/wp-json\/wp\/v2\/types\/page"}],"author":[{"embeddable":true,"href":"https:\/\/leanthinking.fi\/verkkokauppa\/wp-json\/wp\/v2\/users\/1"}],"replies":[{"embeddable":true,"href":"https:\/\/leanthinking.fi\/verkkokauppa\/wp-json\/wp\/v2\/comments?post=6237"}],"version-history":[{"count":0,"href":"https:\/\/leanthinking.fi\/verkkokauppa\/wp-json\/wp\/v2\/pages\/6237\/revisions"}],"wp:attachment":[{"href":"https:\/\/leanthinking.fi\/verkkokauppa\/wp-json\/wp\/v2\/media?parent=6237"}],"curies":[{"name":"wp","href":"https:\/\/api.w.org\/{rel}","templated":true}]}}