{"id":6238,"date":"2023-08-04T11:29:51","date_gmt":"2023-08-04T08:29:51","guid":{"rendered":"https:\/\/leanthinking.fi\/verkkokauppa\/registration-success\/"},"modified":"2023-09-16T15:19:46","modified_gmt":"2023-09-16T12:19:46","slug":"rekisterointi-onnistui","status":"publish","type":"page","link":"https:\/\/leanthinking.fi\/verkkokauppa\/rekisterointi-onnistui\/","title":{"rendered":"Rekister\u00f6inti onnistui"},"content":{"rendered":"\n<p>Tervetuloa<\/p>\n","protected":false},"excerpt":{"rendered":"<p>Tervetuloa<\/p>\n","protected":false},"author":1,"featured_media":0,"parent":0,"menu_order":0,"comment_status":"closed","ping_status":"closed","template":"","meta":{"_seopress_robots_primary_cat":"","_seopress_titles_title":"","_seopress_titles_desc":"","_seopress_robots_index":"","_kad_blocks_custom_css":"","_kad_blocks_head_custom_js":"","_kad_blocks_body_custom_js":"","_kad_blocks_footer_custom_js":"","_kad_post_transparent":"","_kad_post_title":"","_kad_post_layout":"","_kad_post_sidebar_id":"","_kad_post_content_style":"","_kad_post_vertical_padding":"","_kad_post_feature":"","_kad_post_feature_position":"","_kad_post_header":false,"_kad_post_footer":false,"_kad_post_classname":"","footnotes":""},"class_list":["post-6238","page","type-page","status-publish","hentry"],"taxonomy_info":[],"featured_image_src_large":false,"author_info":{"display_name":"Kai M\u00e4enp\u00e4\u00e4","author_link":"https:\/\/leanthinking.fi\/verkkokauppa\/author\/artnix\/"},"comment_info":"","_links":{"self":[{"href":"https:\/\/leanthinking.fi\/verkkokauppa\/wp-json\/wp\/v2\/pages\/6238","targetHints":{"allow":["GET"]}}],"collection":[{"href":"https:\/\/leanthinking.fi\/verkkokauppa\/wp-json\/wp\/v2\/pages"}],"about":[{"href":"https:\/\/leanthinking.fi\/verkkokauppa\/wp-json\/wp\/v2\/types\/page"}],"author":[{"embeddable":true,"href":"https:\/\/leanthinking.fi\/verkkokauppa\/wp-json\/wp\/v2\/users\/1"}],"replies":[{"embeddable":true,"href":"https:\/\/leanthinking.fi\/verkkokauppa\/wp-json\/wp\/v2\/comments?post=6238"}],"version-history":[{"count":0,"href":"https:\/\/leanthinking.fi\/verkkokauppa\/wp-json\/wp\/v2\/pages\/6238\/revisions"}],"wp:attachment":[{"href":"https:\/\/leanthinking.fi\/verkkokauppa\/wp-json\/wp\/v2\/media?parent=6238"}],"curies":[{"name":"wp","href":"https:\/\/api.w.org\/{rel}","templated":true}]}}