{"id":6554,"date":"2023-10-02T13:31:42","date_gmt":"2023-10-02T10:31:42","guid":{"rendered":"https:\/\/leanthinking.fi\/verkkokauppa\/?post_type=product&#038;p=6554"},"modified":"2026-03-06T13:49:36","modified_gmt":"2026-03-06T11:49:36","slug":"lean-abc-etakoulutus-2-x-%c2%bd-paivaa","status":"publish","type":"product","link":"https:\/\/leanthinking.fi\/verkkokauppa\/tuote\/lean-abc-etakoulutus-2-x-%c2%bd-paivaa\/","title":{"rendered":"LEAN ABC et\u00e4koulutus 2 x \u00bd p\u00e4iv\u00e4\u00e4"},"content":{"rendered":"<p>Koulutuksessa opit teorian, harjoitusten ja ryhm\u00e4t\u00f6iden avulla katsomaan ty\u00f6ymp\u00e4rist\u00f6\u00e4si uudesta n\u00e4k\u00f6kulmasta. Saat my\u00f6s konkreettisia ev\u00e4it\u00e4 parantaa sit\u00e4. Tutuksi tulevat hukka, PDCA, 5S, A3, jatkuva parantaminen jne.<\/p>\n<p>Leanin perusteiden et\u00e4kurssilta saat ymm\u00e4rryksen Leanin perusperiaatteista, k\u00e4sitteist\u00e4 ja hy\u00f6dynt\u00e4misest\u00e4 omassa ty\u00f6ss\u00e4si. Lean on ennen kaikkea tapa johtaa asioita. Lean-ajattelun avulla pystyt\u00e4\u00e4n tehostamaan toimintaa, parantamaan asiakastyytyv\u00e4isyytt\u00e4 ja laatua sek\u00e4 samalla my\u00f6s parantamaan ty\u00f6ntekij\u00f6iden tyytyv\u00e4isyytt\u00e4.<\/p>\n","protected":false},"excerpt":{"rendered":"<p>Haluatko, ett\u00e4 yrityksesi tuottavuus kasvaa? Ett\u00e4 laatu paranee ja ty\u00f6tyytyv\u00e4isyys kasvaa?<\/p>\n<p>Koulutus toteutetaan et\u00e4opetuksena Teamsin kautta kahtena erillisen\u00e4 aamup\u00e4iv\u00e4n\u00e4, eik\u00e4 n\u00e4in ollen vie koko ty\u00f6p\u00e4iv\u00e4\u00e4.<\/p>\n<p>Koulutus on eritt\u00e4in k\u00e4yt\u00e4nn\u00f6nl\u00e4heinen!<\/p>\n","protected":false},"featured_media":1790,"template":"","meta":{"_seopress_robots_primary_cat":"none","_seopress_titles_title":"","_seopress_titles_desc":"","_seopress_robots_index":"","_kad_blocks_custom_css":"","_kad_blocks_head_custom_js":"","_kad_blocks_body_custom_js":"","_kad_blocks_footer_custom_js":"","_kad_post_transparent":"default","_kad_post_title":"","_kad_post_layout":"default","_kad_post_sidebar_id":"","_kad_post_content_style":"default","_kad_post_vertical_padding":"default","_kad_post_feature":"","_kad_post_feature_position":"","_kad_post_header":false,"_kad_post_footer":false,"_kad_post_classname":""},"product_brand":[],"product_cat":[113],"product_tag":[],"class_list":{"0":"post-6554","1":"product","2":"type-product","3":"status-publish","4":"has-post-thumbnail","6":"product_cat-etakoulutus","8":"first","9":"instock","10":"sold-individually","11":"taxable","12":"shipping-taxable","13":"purchasable","14":"product-type-variable","15":"entry","16":"content-bg","17":"loop-entry"},"taxonomy_info":{"product_cat":[{"value":113,"label":"Et\u00e4koulutus"}]},"featured_image_src_large":["https:\/\/leanthinking.fi\/verkkokauppa\/wp-content\/uploads\/sites\/3\/2021\/03\/kompassi-laituri-2-1024x576.jpg",1024,576,true],"author_info":[],"comment_info":"","_links":{"self":[{"href":"https:\/\/leanthinking.fi\/verkkokauppa\/wp-json\/wp\/v2\/product\/6554","targetHints":{"allow":["GET"]}}],"collection":[{"href":"https:\/\/leanthinking.fi\/verkkokauppa\/wp-json\/wp\/v2\/product"}],"about":[{"href":"https:\/\/leanthinking.fi\/verkkokauppa\/wp-json\/wp\/v2\/types\/product"}],"wp:featuredmedia":[{"embeddable":true,"href":"https:\/\/leanthinking.fi\/verkkokauppa\/wp-json\/wp\/v2\/media\/1790"}],"wp:attachment":[{"href":"https:\/\/leanthinking.fi\/verkkokauppa\/wp-json\/wp\/v2\/media?parent=6554"}],"wp:term":[{"taxonomy":"product_brand","embeddable":true,"href":"https:\/\/leanthinking.fi\/verkkokauppa\/wp-json\/wp\/v2\/product_brand?post=6554"},{"taxonomy":"product_cat","embeddable":true,"href":"https:\/\/leanthinking.fi\/verkkokauppa\/wp-json\/wp\/v2\/product_cat?post=6554"},{"taxonomy":"product_tag","embeddable":true,"href":"https:\/\/leanthinking.fi\/verkkokauppa\/wp-json\/wp\/v2\/product_tag?post=6554"}],"curies":[{"name":"wp","href":"https:\/\/api.w.org\/{rel}","templated":true}]}}