{"id":6601,"date":"2024-01-12T12:56:34","date_gmt":"2024-01-12T10:56:34","guid":{"rendered":"https:\/\/leanthinking.fi\/verkkokauppa\/?post_type=product&#038;p=6601"},"modified":"2026-03-06T13:58:35","modified_gmt":"2026-03-06T11:58:35","slug":"lean-selviytymispaketti-arkeen","status":"publish","type":"product","link":"https:\/\/leanthinking.fi\/verkkokauppa\/tuote\/lean-selviytymispaketti-arkeen\/","title":{"rendered":"Lean selviytymispaketti arkeen!"},"content":{"rendered":"<p>Miten selviydyt arjessa leanin avulla verkkokurssilla saat ymm\u00e4rryksen Leanin perusperiaatteista, k\u00e4sitteist\u00e4 ja hy\u00f6dynt\u00e4misest\u00e4 omassa ty\u00f6ss\u00e4si. Lean on ennen kaikkea tapa johtaa asioita. Lean-ajattelun avulla pystyt\u00e4\u00e4n tehostamaan toimintaa, parantamaan asiakastyytyv\u00e4isyytt\u00e4 ja laatua sek\u00e4 samalla my\u00f6s parantamaan ty\u00f6ntekij\u00f6iden tyytyv\u00e4isyytt\u00e4.<\/p>\n<p>Koulutuksessa opit teorian, harjoitusten ja avulla katsomaan ty\u00f6ymp\u00e4rist\u00f6\u00e4si uudesta n\u00e4k\u00f6kulmasta. Saat my\u00f6s konkreettisia ev\u00e4it\u00e4 parantaa sit\u00e4. Tutuksi tulevat lean k\u00e4sitteet hukka, PDCA, 5S, A3, jatkuva parantaminen jne.<\/p>\n<p>Koulutus on eritt\u00e4in k\u00e4yt\u00e4nn\u00f6nl\u00e4heinen.<\/p>\n<p><strong>KOHDERYHM\u00c4:<\/strong><\/p>\n<p>Sopii koko henkil\u00f6st\u00f6lle, etenkin esihenkil\u00f6ille ja toiminnan kehitt\u00e4jille.<\/p>\n<p><strong>HY\u00d6DYT:<\/strong><\/p>\n<ul>\n<li>Ty\u00f6turvallisuus kasvaa<\/li>\n<li>Ty\u00f6tyytyv\u00e4isyys kasvaa<\/li>\n<li>Tuottavuus kasvaa<\/li>\n<li>Laatu paranee<\/li>\n<li>Sairaspoissaolot v\u00e4henev\u00e4t<\/li>\n<li>Henkil\u00f6st\u00f6n sitoutuneisuus yritykseen kasvaa<\/li>\n<\/ul>\n<p><strong>OHJELMA:<\/strong><\/p>\n<p>Napakassa 3 tunnin valmennuksessamme opit k\u00e4yt\u00e4nn\u00f6n esimerkkien avulla:<\/p>\n<ul>\n<li>Mit\u00e4 on Lean ?<\/li>\n<li>Mitk\u00e4 8 hukkaa ja miten p\u00e4\u00e4set niist\u00e4 eroon?<\/li>\n<li>Miten parannat toiminnan virtaustehokkuutta \u2013 ja miksi se parantaa my\u00f6s resurssitehokkuuttanne?<\/li>\n<li>Mik\u00e4 on arvovirtakartoitus (VSM)?<\/li>\n<li>Juurisyyanalyysi &#8211; ratkaise juurisyit\u00e4, \u00e4l\u00e4 oireita<\/li>\n<li>Miten kalanruodon avulla perkaat juurisyyt esille?<\/li>\n<li>Miksi hy\u00f6dynt\u00e4\u00e4 5 x miksi?<\/li>\n<li>Mit\u00e4 on 5S arjen ty\u00f6ss\u00e4?<\/li>\n<li>Miten aloittaa liinaus?<\/li>\n<\/ul>\n<p><strong>TOTEUTUSTAPA JA KESTO:<\/strong><\/p>\n<ul>\n<li>Verkkokoulutus (Teams tai Zoom)<\/li>\n<li>Kesto 3 tuntia<\/li>\n<\/ul>\n<p>&nbsp;<\/p>\n","protected":false},"excerpt":{"rendered":"<p><strong>Kuinka saat aikaan enemm\u00e4n v\u00e4hemm\u00e4ll\u00e4 ty\u00f6ll\u00e4.\u00a0<\/strong><\/p>\n<p>Koulutuksessa opit teorian, harjoitusten ja avulla katsomaan ty\u00f6ymp\u00e4rist\u00f6\u00e4si uudesta n\u00e4k\u00f6kulmasta. Saat my\u00f6s konkreettisia ev\u00e4it\u00e4 parantaa sit\u00e4. Tutuksi tulevat lean k\u00e4sitteet hukka, PDCA, 5S, A3, jatkuva parantaminen jne.<\/p>\n<p>Koulutus toteutetaan et\u00e4opetuksena Teamsin tai Zoomin kautta , eik\u00e4 n\u00e4in ollen vie koko ty\u00f6p\u00e4iv\u00e4\u00e4. Hinta sis\u00e4lt\u00e4\u00e4 valmennuksen ja koulutusmateriaalit.<\/p>\n","protected":false},"featured_media":6602,"template":"","meta":{"_seopress_robots_primary_cat":"none","_seopress_titles_title":"","_seopress_titles_desc":"","_seopress_robots_index":"","_kad_blocks_custom_css":"","_kad_blocks_head_custom_js":"","_kad_blocks_body_custom_js":"","_kad_blocks_footer_custom_js":"","_kad_post_transparent":"default","_kad_post_title":"","_kad_post_layout":"default","_kad_post_sidebar_id":"","_kad_post_content_style":"default","_kad_post_vertical_padding":"default","_kad_post_feature":"","_kad_post_feature_position":"","_kad_post_header":false,"_kad_post_footer":false,"_kad_post_classname":""},"product_brand":[],"product_cat":[113],"product_tag":[],"class_list":{"0":"post-6601","1":"product","2":"type-product","3":"status-publish","4":"has-post-thumbnail","6":"product_cat-etakoulutus","8":"first","9":"instock","10":"taxable","11":"shipping-taxable","12":"purchasable","13":"product-type-variable","14":"entry","15":"content-bg","16":"loop-entry"},"taxonomy_info":{"product_cat":[{"value":113,"label":"Et\u00e4koulutus"}]},"featured_image_src_large":["https:\/\/leanthinking.fi\/verkkokauppa\/wp-content\/uploads\/sites\/3\/2024\/01\/lean-selvitymispaketti-1024x576.jpg",1024,576,true],"author_info":[],"comment_info":"","_links":{"self":[{"href":"https:\/\/leanthinking.fi\/verkkokauppa\/wp-json\/wp\/v2\/product\/6601","targetHints":{"allow":["GET"]}}],"collection":[{"href":"https:\/\/leanthinking.fi\/verkkokauppa\/wp-json\/wp\/v2\/product"}],"about":[{"href":"https:\/\/leanthinking.fi\/verkkokauppa\/wp-json\/wp\/v2\/types\/product"}],"wp:featuredmedia":[{"embeddable":true,"href":"https:\/\/leanthinking.fi\/verkkokauppa\/wp-json\/wp\/v2\/media\/6602"}],"wp:attachment":[{"href":"https:\/\/leanthinking.fi\/verkkokauppa\/wp-json\/wp\/v2\/media?parent=6601"}],"wp:term":[{"taxonomy":"product_brand","embeddable":true,"href":"https:\/\/leanthinking.fi\/verkkokauppa\/wp-json\/wp\/v2\/product_brand?post=6601"},{"taxonomy":"product_cat","embeddable":true,"href":"https:\/\/leanthinking.fi\/verkkokauppa\/wp-json\/wp\/v2\/product_cat?post=6601"},{"taxonomy":"product_tag","embeddable":true,"href":"https:\/\/leanthinking.fi\/verkkokauppa\/wp-json\/wp\/v2\/product_tag?post=6601"}],"curies":[{"name":"wp","href":"https:\/\/api.w.org\/{rel}","templated":true}]}}