{"id":6606,"date":"2024-01-12T13:30:04","date_gmt":"2024-01-12T11:30:04","guid":{"rendered":"https:\/\/leanthinking.fi\/verkkokauppa\/?post_type=product&#038;p=6606"},"modified":"2024-01-12T14:10:17","modified_gmt":"2024-01-12T12:10:17","slug":"tyoturvallisuuden-ajankohtaiset-uutiset","status":"publish","type":"product","link":"https:\/\/leanthinking.fi\/verkkokauppa\/tuote\/tyoturvallisuuden-ajankohtaiset-uutiset\/","title":{"rendered":"Ty\u00f6turvallisuuden ajankohtaiset uutiset"},"content":{"rendered":"<h2>Ty\u00f6terveys ja -turvallisuus ty\u00f6hyvinvoinnin perustana<\/h2>\n<p>Turvallisen ty\u00f6paikan edellytysten luominen on ty\u00f6nantajan vastuulla, mutta toteutukseen tarvitaan esihenkil\u00f6iden ja henkil\u00f6st\u00f6n yhteisty\u00f6t\u00e4 ja laajaa osallistumista.<\/p>\n<p>Ty\u00f6turvallisuudella on merkitt\u00e4v\u00e4 rooli ty\u00f6paikan kilpailukyvyn, kasvun ja ty\u00f6hyvinvoinnin yll\u00e4pidossa. Ty\u00f6turvallisuus on ennen kaikkea tapa ajatella, seurata ja puuttua asioihin.<\/p>\n<p>Kun turvallisuusjohtaminen toimii suunnitellusti, niin se v\u00e4hent\u00e4\u00e4 palavereita, s\u00e4hk\u00f6posteja sek\u00e4 vapauttaa ty\u00f6ntekij\u00f6iden aikaa. Siit\u00e4 hy\u00f6tyy koko henkil\u00f6st\u00f6. Kun ty\u00f6turvallisuutta kehitet\u00e4\u00e4n m\u00e4\u00e4r\u00e4tietoisesti, ovat sek\u00e4 asiakkaat ja henkil\u00f6st\u00f6 tyytyv\u00e4isi\u00e4.<\/p>\n<p><strong>KOHDERYHM\u00c4:<\/strong><\/p>\n<ul>\n<li>Ty\u00f6suojeluvaltuutetut, \u2013 varavaltuutetut<\/li>\n<li>Ty\u00f6suojelup\u00e4\u00e4llik\u00f6t<\/li>\n<li>Ty\u00f6suojeluasiamiehet<\/li>\n<li>Esihenkil\u00f6t<\/li>\n<li>Vastuuhenkil\u00f6t ja muu henkil\u00f6st\u00f6<\/li>\n<\/ul>\n<p><strong>HY\u00d6DYT:<\/strong><\/p>\n<ul>\n<li>Ty\u00f6turvallisuus kasvaa<\/li>\n<li>Ty\u00f6tyytyv\u00e4isyys kasvaa<\/li>\n<li>Tuottavuus kasvaa<\/li>\n<li>Laatu paranee<\/li>\n<li>Sairaspoissaolot v\u00e4henev\u00e4t<\/li>\n<li>Henkil\u00f6st\u00f6n sitoutuneisuus yritykseen kasvaa<\/li>\n<\/ul>\n<p><strong>OHJELMA:<\/strong><\/p>\n<ul>\n<li>Turvallisuusjohtaminen<\/li>\n<li>Turvallisuuskulttuuri ja osaaminen<\/li>\n<li>Ty\u00f6suojeluyhteistoiminta<\/li>\n<li>Ty\u00f6n vaarojen tunnistaminen ja riskien arviointi<\/li>\n<li>Perehdytt\u00e4minen ja ty\u00f6nopastus<\/li>\n<li>Ty\u00f6olojen seuranta ja kehitt\u00e4minen<\/li>\n<li>Ty\u00f6turvallisuuden mittarit<\/li>\n<li>Pelastussuunnitelma<\/li>\n<li>Loppukeskustelu<\/li>\n<\/ul>\n<p><strong>TOTEUTUSTAPA JA KESTO:<\/strong><\/p>\n<ul>\n<li>Verkkokoulutus (Teams tai Zoom)<\/li>\n<li>Kesto 3 tuntia<\/li>\n<\/ul>\n","protected":false},"excerpt":{"rendered":"<p>Ty\u00f6turvallisuudella on merkitt\u00e4v\u00e4 rooli ty\u00f6paikan kilpailukyvyn, kasvun ja ty\u00f6hyvinvoinnin yll\u00e4pidossa. Ty\u00f6turvallisuus on ennen kaikkea tapa ajatella, seurata ja puuttua asioihin.<\/p>\n<p>Koulutus toteutetaan et\u00e4opetuksena Teamsin tai Zoomin kautta , eik\u00e4 n\u00e4in ollen vie koko ty\u00f6p\u00e4iv\u00e4\u00e4. Hinta sis\u00e4lt\u00e4\u00e4 valmennuksen ja koulutusmateriaalit<\/p>\n","protected":false},"featured_media":6607,"template":"","meta":{"_seopress_robots_primary_cat":"","_seopress_titles_title":"","_seopress_titles_desc":"","_seopress_robots_index":"","_kad_blocks_custom_css":"","_kad_blocks_head_custom_js":"","_kad_blocks_body_custom_js":"","_kad_blocks_footer_custom_js":"","_kad_post_transparent":"default","_kad_post_title":"","_kad_post_layout":"default","_kad_post_sidebar_id":"","_kad_post_content_style":"default","_kad_post_vertical_padding":"default","_kad_post_feature":"","_kad_post_feature_position":"","_kad_post_header":false,"_kad_post_footer":false,"_kad_post_classname":""},"product_brand":[],"product_cat":[113],"product_tag":[],"class_list":{"0":"post-6606","1":"product","2":"type-product","3":"status-publish","4":"has-post-thumbnail","6":"product_cat-etakoulutus","8":"first","9":"instock","10":"taxable","11":"shipping-taxable","12":"purchasable","13":"product-type-variable","14":"entry","15":"content-bg","16":"loop-entry"},"taxonomy_info":{"product_cat":[{"value":113,"label":"Et\u00e4koulutus"}]},"featured_image_src_large":["https:\/\/leanthinking.fi\/verkkokauppa\/wp-content\/uploads\/sites\/3\/2024\/01\/tyoturvallisuus-uutiset-1024x576.jpg",1024,576,true],"author_info":[],"comment_info":"","_links":{"self":[{"href":"https:\/\/leanthinking.fi\/verkkokauppa\/wp-json\/wp\/v2\/product\/6606","targetHints":{"allow":["GET"]}}],"collection":[{"href":"https:\/\/leanthinking.fi\/verkkokauppa\/wp-json\/wp\/v2\/product"}],"about":[{"href":"https:\/\/leanthinking.fi\/verkkokauppa\/wp-json\/wp\/v2\/types\/product"}],"wp:featuredmedia":[{"embeddable":true,"href":"https:\/\/leanthinking.fi\/verkkokauppa\/wp-json\/wp\/v2\/media\/6607"}],"wp:attachment":[{"href":"https:\/\/leanthinking.fi\/verkkokauppa\/wp-json\/wp\/v2\/media?parent=6606"}],"wp:term":[{"taxonomy":"product_brand","embeddable":true,"href":"https:\/\/leanthinking.fi\/verkkokauppa\/wp-json\/wp\/v2\/product_brand?post=6606"},{"taxonomy":"product_cat","embeddable":true,"href":"https:\/\/leanthinking.fi\/verkkokauppa\/wp-json\/wp\/v2\/product_cat?post=6606"},{"taxonomy":"product_tag","embeddable":true,"href":"https:\/\/leanthinking.fi\/verkkokauppa\/wp-json\/wp\/v2\/product_tag?post=6606"}],"curies":[{"name":"wp","href":"https:\/\/api.w.org\/{rel}","templated":true}]}}