{"id":6693,"date":"2024-09-02T11:08:27","date_gmt":"2024-09-02T08:08:27","guid":{"rendered":"https:\/\/leanthinking.fi\/verkkokauppa\/?post_type=product&#038;p=6693"},"modified":"2025-01-06T20:02:38","modified_gmt":"2025-01-06T18:02:38","slug":"lean-pelipaiva-pelivalineet","status":"publish","type":"product","link":"https:\/\/leanthinking.fi\/verkkokauppa\/tuote\/lean-pelipaiva-pelivalineet\/","title":{"rendered":"LEAN-pelip\u00e4iv\u00e4 peliv\u00e4lineet"},"content":{"rendered":"<p>Lean-peliss\u00e4 simuloidaan tehdasymp\u00e4rist\u00f6\u00e4 Lego-pelill\u00e4. Tutustutaan pelaamisen kautta tehtaan talouslukuihin sek\u00e4 kannattavuuteen. Pelin avulla opitaan lean-ajattelua k\u00e4yt\u00e4nn\u00f6n kautta.<\/p>\n<p>Lean-pelin tarkoitus on esitell\u00e4 osallistujille leanin periaatteita ja -ty\u00f6kaluja, sek\u00e4 tuoda ideoita prosessin parannukseen. Pelin kuluessa on hyv\u00e4 peilata pelin tapahtumia arjen prosesseihin.<\/p>\n<p>Peli on jaettu kierroksiin, joilla jokaisella on oma tarkoitus ja ohjeet. Kierrosten tarkoitus on esitt\u00e4\u00e4, kuinka Lean-konseptien ja ty\u00f6kalujen lis\u00e4\u00e4minen vaikuttaa toimintaan. N\u00e4m\u00e4 kierrokset ovat l\u00e4ht\u00f6kohtana keskustelulle ja oppimisille. Pelist\u00e4 pidet\u00e4\u00e4n kirjaa Excell laskentataulukolla ja numeeriset tulokset auttavat keskustelussa.<\/p>\n<p>Pelill\u00e4 voidaan simuloida erilaisia tuotannonohjausmenetelmi\u00e4 kuten &#8211; er\u00e4tuotantoa, ty\u00f6nt\u00f6ohjausta, imuohjausta, Kanban, l\u00e4pimenoaikojen simulointia, erilaisia jonoutumiseen liittyvi\u00e4 simulointeja ja n\u00e4iden tuotannonohjausmenetelmien erilaisia vaikutuksia taloudellisiin tuloksiin ja l\u00e4pimenoaikoihin, jne.<\/p>\n<p>Edell\u00e4 mainittujen lis\u00e4ksi voit my\u00f6s itse kehitt\u00e4\u00e4 peli\u00e4 eteenp\u00e4in, koska peli hyvin muokkauskykyinen.<\/p>\n<p>On tutkittu, ett\u00e4 hyvin suunniteltu opetuspeli saa osallistujan sellaiseen mielentilaan, jossa v\u00e4hemm\u00e4nkin kiinnostavat asiat tulevat omaksutuksi tehokkaammin. Tutkimuksessa my\u00f6s selvisi, ett\u00e4 \u201doppi upposi\u201d paremmin yhdess\u00e4 toisten kanssa.<\/p>\n","protected":false},"excerpt":{"rendered":"<p>Lean Lego Game rekka-autopeli sis\u00e4lt\u00e4\u00e4 peruspaketin legoja, joista rakennetaan rekka-autoja. Mukaan saat my\u00f6s ohjeet pelin kulusta (Power Point ja Excell laskentataulukko tulosten seurantaan).<\/p>\n","protected":false},"featured_media":6691,"template":"","meta":{"_seopress_robots_primary_cat":"","_seopress_titles_title":"","_seopress_titles_desc":"","_seopress_robots_index":"","_kad_blocks_custom_css":"","_kad_blocks_head_custom_js":"","_kad_blocks_body_custom_js":"","_kad_blocks_footer_custom_js":"","_kad_post_transparent":"default","_kad_post_title":"","_kad_post_layout":"default","_kad_post_sidebar_id":"","_kad_post_content_style":"default","_kad_post_vertical_padding":"default","_kad_post_feature":"","_kad_post_feature_position":"","_kad_post_header":false,"_kad_post_footer":false,"_kad_post_classname":""},"product_brand":[],"product_cat":[141],"product_tag":[],"class_list":{"0":"post-6693","1":"product","2":"type-product","3":"status-publish","4":"has-post-thumbnail","6":"product_cat-oppi-ja-lisamateriaalit","8":"first","9":"instock","10":"virtual","11":"taxable","12":"purchasable","13":"product-type-simple","14":"entry","15":"content-bg","16":"loop-entry"},"taxonomy_info":{"product_cat":[{"value":141,"label":"Oppi- ja lis\u00e4materiaalit"}]},"featured_image_src_large":["https:\/\/leanthinking.fi\/verkkokauppa\/wp-content\/uploads\/sites\/3\/2024\/09\/lean-legogame-rekkapeli-1024x578.jpg",1024,578,true],"author_info":[],"comment_info":"","_links":{"self":[{"href":"https:\/\/leanthinking.fi\/verkkokauppa\/wp-json\/wp\/v2\/product\/6693","targetHints":{"allow":["GET"]}}],"collection":[{"href":"https:\/\/leanthinking.fi\/verkkokauppa\/wp-json\/wp\/v2\/product"}],"about":[{"href":"https:\/\/leanthinking.fi\/verkkokauppa\/wp-json\/wp\/v2\/types\/product"}],"wp:featuredmedia":[{"embeddable":true,"href":"https:\/\/leanthinking.fi\/verkkokauppa\/wp-json\/wp\/v2\/media\/6691"}],"wp:attachment":[{"href":"https:\/\/leanthinking.fi\/verkkokauppa\/wp-json\/wp\/v2\/media?parent=6693"}],"wp:term":[{"taxonomy":"product_brand","embeddable":true,"href":"https:\/\/leanthinking.fi\/verkkokauppa\/wp-json\/wp\/v2\/product_brand?post=6693"},{"taxonomy":"product_cat","embeddable":true,"href":"https:\/\/leanthinking.fi\/verkkokauppa\/wp-json\/wp\/v2\/product_cat?post=6693"},{"taxonomy":"product_tag","embeddable":true,"href":"https:\/\/leanthinking.fi\/verkkokauppa\/wp-json\/wp\/v2\/product_tag?post=6693"}],"curies":[{"name":"wp","href":"https:\/\/api.w.org\/{rel}","templated":true}]}}