{"id":6695,"date":"2024-09-02T11:27:56","date_gmt":"2024-09-02T08:27:56","guid":{"rendered":"https:\/\/leanthinking.fi\/verkkokauppa\/?post_type=product&#038;p=6695"},"modified":"2025-12-11T10:42:21","modified_gmt":"2025-12-11T08:42:21","slug":"lean-pelipaiva-yrityksille","status":"publish","type":"product","link":"https:\/\/leanthinking.fi\/verkkokauppa\/tuote\/lean-pelipaiva-yrityksille\/","title":{"rendered":"LEAN-pelip\u00e4iv\u00e4 (yrityksille)"},"content":{"rendered":"<h2 class=\"yikes-custom-woo-tab-title yikes-custom-woo-tab-title-tavoitteet-ja-hyodyt\">Tavoitteet ja hy\u00f6dyt<\/h2>\n<p>On tutkittu, ett\u00e4 hyvin suunniteltu opetuspeli saa osallistujan sellaiseen mielentilaan, jossa v\u00e4hemm\u00e4nkin kiinnostavat asiat tulevat omaksutuksi tehokkaammin. Tutkimuksessa my\u00f6s selvisi, ett\u00e4 \u201doppi upposi\u201d paremmin yhdess\u00e4 toisten kanssa.<\/p>\n<p>LEAN-pelip\u00e4iv\u00e4 tarjoaa osallistujille oivalluksia Leanin perusperiaatteista pelin avulla. Lean-toiminnalla voidaan vaikuttaa tuottavuuteen, kilpailukykyyn ja asiakastyytyv\u00e4isyyteen. Pelip\u00e4iv\u00e4n j\u00e4lkeen osallistuja tiet\u00e4\u00e4 mit\u00e4 Lean on ja kuinka sit\u00e4 voi soveltaa omassa ty\u00f6ymp\u00e4rist\u00f6ss\u00e4\u00e4n ja mist\u00e4 l\u00e4hte\u00e4 liikkeelle.<\/p>\n<p><strong>HUOM!<\/strong> Koulutukseen sis\u00e4ltyy Lean Lego Game -peliv\u00e4lineet ohjeineen.\u00a0 Koulutus toteutetaan toivomusten mukaan asiakkaan tilassa.<\/p>\n<p><a href=\"https:\/\/leanthinking.fi\/verkkokauppa\/tuote\/lean-pelipaiva-avoin-koulutus\/\">Tustustu my\u00f6s kaikille avoimeen Lean-pelip\u00e4iv\u00e4\u00e4n<\/a><\/p>\n<p>Pelist\u00e4 my\u00f6s et\u00e4koulutusta &#8211; <a href=\"https:\/\/leanthinking.fi\/lean-koulutus-ja-valmennus\/lean-pelipaiva\/\">https:\/\/leanthinking.fi\/lean-koulutus-ja-valmennus\/lean-pelipaiva\/<\/a>.<\/p>\n","protected":false},"excerpt":{"rendered":"<p>LEAN-pelip\u00e4iv\u00e4 on yhden p\u00e4iv\u00e4n pituinen koulutustilaisuus, jonka aikana opit k\u00e4yt\u00e4nn\u00f6n tekemisen kautta ymm\u00e4rt\u00e4m\u00e4\u00e4n mit\u00e4 on LEAN.<\/p>\n<p>Pelip\u00e4iv\u00e4n aikana simuloimme tehdasymp\u00e4rist\u00f6\u00e4 Lego-pelill\u00e4. Opettelemme k\u00e4yt\u00e4nn\u00f6n kautta rakentamaan arvovirtakartan (VSM) sek\u00e4 A3-menetelm\u00e4n hy\u00f6dynt\u00e4misen. Tutustumme my\u00f6s pelaamisen kautta tehtaan talouslukuihin sek\u00e4 kannattavuuteen. Pelin avulla opimme LEAN-ajattelua k\u00e4yt\u00e4nn\u00f6n kautta.<\/p>\n<p><strong>HUOM!<\/strong> Koulutukseen sis\u00e4ltyy Lean Lego Game -peliv\u00e4lineet ohjeineen.\u00a0 Koulutus toteutetaan toivomusten mukaan asiakkaan tilassa.<\/p>\n","protected":false},"featured_media":6692,"template":"","meta":{"_seopress_robots_primary_cat":"none","_seopress_titles_title":"","_seopress_titles_desc":"","_seopress_robots_index":"","_kad_blocks_custom_css":"","_kad_blocks_head_custom_js":"","_kad_blocks_body_custom_js":"","_kad_blocks_footer_custom_js":"","_kad_post_transparent":"default","_kad_post_title":"","_kad_post_layout":"default","_kad_post_sidebar_id":"","_kad_post_content_style":"default","_kad_post_vertical_padding":"default","_kad_post_feature":"","_kad_post_feature_position":"","_kad_post_header":false,"_kad_post_footer":false,"_kad_post_classname":""},"product_brand":[],"product_cat":[102],"product_tag":[],"class_list":{"0":"post-6695","1":"product","2":"type-product","3":"status-publish","4":"has-post-thumbnail","6":"product_cat-lahikoulutus","8":"first","9":"instock","10":"virtual","11":"taxable","12":"purchasable","13":"product-type-simple","14":"entry","15":"content-bg","16":"loop-entry"},"taxonomy_info":{"product_cat":[{"value":102,"label":"L\u00e4hikoulutus"}]},"featured_image_src_large":["https:\/\/leanthinking.fi\/verkkokauppa\/wp-content\/uploads\/sites\/3\/2024\/09\/lego-game-1-1024x547.jpg",1024,547,true],"author_info":[],"comment_info":"","_links":{"self":[{"href":"https:\/\/leanthinking.fi\/verkkokauppa\/wp-json\/wp\/v2\/product\/6695","targetHints":{"allow":["GET"]}}],"collection":[{"href":"https:\/\/leanthinking.fi\/verkkokauppa\/wp-json\/wp\/v2\/product"}],"about":[{"href":"https:\/\/leanthinking.fi\/verkkokauppa\/wp-json\/wp\/v2\/types\/product"}],"wp:featuredmedia":[{"embeddable":true,"href":"https:\/\/leanthinking.fi\/verkkokauppa\/wp-json\/wp\/v2\/media\/6692"}],"wp:attachment":[{"href":"https:\/\/leanthinking.fi\/verkkokauppa\/wp-json\/wp\/v2\/media?parent=6695"}],"wp:term":[{"taxonomy":"product_brand","embeddable":true,"href":"https:\/\/leanthinking.fi\/verkkokauppa\/wp-json\/wp\/v2\/product_brand?post=6695"},{"taxonomy":"product_cat","embeddable":true,"href":"https:\/\/leanthinking.fi\/verkkokauppa\/wp-json\/wp\/v2\/product_cat?post=6695"},{"taxonomy":"product_tag","embeddable":true,"href":"https:\/\/leanthinking.fi\/verkkokauppa\/wp-json\/wp\/v2\/product_tag?post=6695"}],"curies":[{"name":"wp","href":"https:\/\/api.w.org\/{rel}","templated":true}]}}