{"id":6696,"date":"2024-09-02T11:33:24","date_gmt":"2024-09-02T08:33:24","guid":{"rendered":"https:\/\/leanthinking.fi\/verkkokauppa\/?post_type=product&#038;p=6696"},"modified":"2025-06-11T10:21:46","modified_gmt":"2025-06-11T07:21:46","slug":"tata-on-lean-ratkaisu-tehokkuusparadoksiin","status":"publish","type":"product","link":"https:\/\/leanthinking.fi\/verkkokauppa\/tuote\/tata-on-lean-ratkaisu-tehokkuusparadoksiin\/","title":{"rendered":"T\u00e4t\u00e4 on Lean \u2013 Ratkaisu tehokkuusparadoksiin"},"content":{"rendered":"<p>Kirja on eritt\u00e4in helppolukuinen. Kirja tarjoaa oivaltavia esimerkkej\u00e4 sek\u00e4 palvelu- ett\u00e4 teollisuusalalta ja esittelee, kuinka jonoteorioita voidaan hy\u00f6dynt\u00e4\u00e4 ongelman ratkaisemisessa. Se my\u00f6s avaa yleisi\u00e4 luonnonlakeja ja Leanin toimintastrategiaa, joita havainnollistetaan erinomaisesti dialogeilla.<\/p>\n<p>Suosittelemme kirjaa kaikille leanin perusteokseksi. Kirjaa on myyty satoja tuhansia kappaleita.<\/p>\n","protected":false},"excerpt":{"rendered":"<p>Kirjoittanut: Niklas Modig, P\u00e4r \u00c5hlstr\u00f6m<\/p>\n<p>&#8220;T\u00e4t\u00e4 on Lean&#8221; on selke\u00e4 ja tiivis kirja, joka tuo uutta n\u00e4k\u00f6kulmaa Lean-ajatteluun. Kirja selitt\u00e4\u00e4, miksi Lean on t\u00e4rke\u00e4 ja miten se auttaa ratkaisemaan resurssitehokkuuden ja virtaustehokkuuden v\u00e4lisen ristiriidan. Kun pyrit\u00e4\u00e4n maksimoimaan resurssitehokkuus, toimitusajat ja jonot usein kasvavat, mutta niiden lyhent\u00e4minen taas heikent\u00e4\u00e4 resurssitehokkuutta. T\u00e4m\u00e4 paradoksi on ratkaistavissa Lean-menetelmill\u00e4, erityisesti vaihtelun hallinnan kautta.<\/p>\n<p><strong>Ilmainen toimitus!<\/strong><\/p>\n","protected":false},"featured_media":6690,"template":"","meta":{"_seopress_robots_primary_cat":"none","_seopress_titles_title":"","_seopress_titles_desc":"","_seopress_robots_index":"","_kad_blocks_custom_css":"","_kad_blocks_head_custom_js":"","_kad_blocks_body_custom_js":"","_kad_blocks_footer_custom_js":"","_kad_post_transparent":"default","_kad_post_title":"","_kad_post_layout":"default","_kad_post_sidebar_id":"","_kad_post_content_style":"default","_kad_post_vertical_padding":"default","_kad_post_feature":"","_kad_post_feature_position":"","_kad_post_header":false,"_kad_post_footer":false,"_kad_post_classname":""},"product_brand":[],"product_cat":[141],"product_tag":[],"class_list":{"0":"post-6696","1":"product","2":"type-product","3":"status-publish","4":"has-post-thumbnail","6":"product_cat-oppi-ja-lisamateriaalit","8":"first","9":"instock","10":"virtual","11":"taxable","12":"purchasable","13":"product-type-simple","14":"entry","15":"content-bg","16":"loop-entry"},"taxonomy_info":{"product_cat":[{"value":141,"label":"Oppi- ja lis\u00e4materiaalit"}]},"featured_image_src_large":["https:\/\/leanthinking.fi\/verkkokauppa\/wp-content\/uploads\/sites\/3\/2024\/09\/tata-on-lean-658x1024.jpg",658,1024,true],"author_info":[],"comment_info":"","_links":{"self":[{"href":"https:\/\/leanthinking.fi\/verkkokauppa\/wp-json\/wp\/v2\/product\/6696","targetHints":{"allow":["GET"]}}],"collection":[{"href":"https:\/\/leanthinking.fi\/verkkokauppa\/wp-json\/wp\/v2\/product"}],"about":[{"href":"https:\/\/leanthinking.fi\/verkkokauppa\/wp-json\/wp\/v2\/types\/product"}],"wp:featuredmedia":[{"embeddable":true,"href":"https:\/\/leanthinking.fi\/verkkokauppa\/wp-json\/wp\/v2\/media\/6690"}],"wp:attachment":[{"href":"https:\/\/leanthinking.fi\/verkkokauppa\/wp-json\/wp\/v2\/media?parent=6696"}],"wp:term":[{"taxonomy":"product_brand","embeddable":true,"href":"https:\/\/leanthinking.fi\/verkkokauppa\/wp-json\/wp\/v2\/product_brand?post=6696"},{"taxonomy":"product_cat","embeddable":true,"href":"https:\/\/leanthinking.fi\/verkkokauppa\/wp-json\/wp\/v2\/product_cat?post=6696"},{"taxonomy":"product_tag","embeddable":true,"href":"https:\/\/leanthinking.fi\/verkkokauppa\/wp-json\/wp\/v2\/product_tag?post=6696"}],"curies":[{"name":"wp","href":"https:\/\/api.w.org\/{rel}","templated":true}]}}